{"id":112,"date":"2022-04-05T12:48:46","date_gmt":"2022-04-05T12:48:46","guid":{"rendered":"http:\/\/localhost\/eurolab\/?page_id=112"},"modified":"2025-01-31T18:10:21","modified_gmt":"2025-01-31T18:10:21","slug":"razvoj-zaposlenih","status":"publish","type":"page","link":"https:\/\/eurolab.rs\/en\/razvoj-zaposlenih\/","title":{"rendered":"Workforce Development"},"content":{"rendered":"<h2 class=\"has-text-color wp-block-heading\" style=\"color: #b80000;\">Workforce Development<\/h2>\r\n\r\n\r\n\r\n<p>Human resources are focused on recognizing talents and enabling continuous development and advancement of employees through training, career opportunities, training, mentoring, etc.<\/p>\r\n<p>Eurolab International Group is always looking for talented individuals to join the organization. With our motivated employees, success at Eurolab is guaranteed.<br \/><br \/><\/p>\r\n\r\n\r\n\r\n\r\n\r\n<div class=\"wp-block-columns is-layout-flex wp-container-core-columns-is-layout-9d6595d7 wp-block-columns-is-layout-flex\">\r\n<div class=\"wp-block-column is-layout-flow wp-block-column-is-layout-flow\">\r\n<figure class=\"wp-block-image size-large\"><img decoding=\"async\" src=\"https:\/\/eurolab.com.al\/wp-content\/uploads\/2022\/04\/Artboard-19-100.png\" alt=\"\" \/><\/figure>\r\n<\/div>\r\n\r\n\r\n\r\n<div class=\"wp-block-column is-layout-flow wp-block-column-is-layout-flow\">\r\n<figure class=\"wp-block-image size-large\"><img decoding=\"async\" src=\"https:\/\/eurolab.com.al\/wp-content\/uploads\/2022\/04\/Artboard-20-1001.png\" alt=\"\" \/><\/figure>\r\n<\/div>\r\n\r\n\r\n\r\n<div class=\"wp-block-column is-layout-flow wp-block-column-is-layout-flow\">\u00a0<\/div>\r\n<\/div>","protected":false},"excerpt":{"rendered":"<p>Razvoj zaposlenih Ljudski resursi usmereni su na prepoznavanje talenata i omogu\u0107avanje kontinuiranog razvoja i napredovanja zaposlenih putem obuke, mogu\u0107nosti karijere, treninga, mentorstva itd. Eurolab Internacional Grup uvek tra\u017ei talentovane pojedince da se pridru\u017ee organizaciji. Uz na\u0161e motivisane zaposlene, uspeh u Eurolabu je zagarantovan. \u00a0<\/p>","protected":false},"author":1,"featured_media":241,"parent":0,"menu_order":0,"comment_status":"closed","ping_status":"closed","template":"burime-njerezor.php","meta":{"_acf_changed":false,"footnotes":""},"class_list":["post-112","page","type-page","status-publish","has-post-thumbnail","hentry"],"acf":[],"_links":{"self":[{"href":"https:\/\/eurolab.rs\/en\/wp-json\/wp\/v2\/pages\/112","targetHints":{"allow":["GET"]}}],"collection":[{"href":"https:\/\/eurolab.rs\/en\/wp-json\/wp\/v2\/pages"}],"about":[{"href":"https:\/\/eurolab.rs\/en\/wp-json\/wp\/v2\/types\/page"}],"author":[{"embeddable":true,"href":"https:\/\/eurolab.rs\/en\/wp-json\/wp\/v2\/users\/1"}],"replies":[{"embeddable":true,"href":"https:\/\/eurolab.rs\/en\/wp-json\/wp\/v2\/comments?post=112"}],"version-history":[{"count":5,"href":"https:\/\/eurolab.rs\/en\/wp-json\/wp\/v2\/pages\/112\/revisions"}],"predecessor-version":[{"id":905,"href":"https:\/\/eurolab.rs\/en\/wp-json\/wp\/v2\/pages\/112\/revisions\/905"}],"wp:featuredmedia":[{"embeddable":true,"href":"https:\/\/eurolab.rs\/en\/wp-json\/wp\/v2\/media\/241"}],"wp:attachment":[{"href":"https:\/\/eurolab.rs\/en\/wp-json\/wp\/v2\/media?parent=112"}],"curies":[{"name":"wp","href":"https:\/\/api.w.org\/{rel}","templated":true}]}}