{"id":118,"date":"2022-04-05T13:19:15","date_gmt":"2022-04-05T13:19:15","guid":{"rendered":"http:\/\/localhost\/eurolab\/?page_id=118"},"modified":"2025-01-29T12:57:45","modified_gmt":"2025-01-29T12:57:45","slug":"praksa","status":"publish","type":"page","link":"https:\/\/eurolab.rs\/en\/praksa\/","title":{"rendered":"Internship"},"content":{"rendered":"<h2 class=\"has-text-color wp-block-heading\" style=\"color: #b80000;\">Internship<\/h2>\r\n\r\n\r\n\r\n<p>Eurolab offers practical opportunities for recent graduate students. Join us and we will give you the opportunity to develop professionally!<\/p>\r\n\r\n\r\n\r\n<p>Want a new job to develop your potential?<br \/>Want a promising career?<\/p>\r\n\r\n\r\n\r\n<p>We will help you express your talents, develop and attain your potential.<\/p>\r\n\r\n\r\n\r\n<div class=\"wp-block-columns is-layout-flex wp-container-core-columns-is-layout-9d6595d7 wp-block-columns-is-layout-flex\">\r\n<div class=\"wp-block-column is-layout-flow wp-block-column-is-layout-flow\">\r\n<figure class=\"wp-block-image size-large\"><img decoding=\"async\" src=\"https:\/\/eurolab.com.al\/wp-content\/uploads\/2022\/04\/WhatsApp-Image-2022-02-09-at-5.22.07-PM-1-1024x768.jpeg\" alt=\"\" \/><\/figure>\r\n<\/div>\r\n\r\n\r\n\r\n<div class=\"wp-block-column is-layout-flow wp-block-column-is-layout-flow\">\r\n<figure class=\"wp-block-image size-large\"><img decoding=\"async\" src=\"https:\/\/eurolab.com.al\/wp-content\/uploads\/2022\/04\/abe6ff8f-882a-41bb-ac5e-82790ad400e5-1024x768.jpg\" alt=\"\" \/><\/figure>\r\n<\/div>\r\n<\/div>","protected":false},"excerpt":{"rendered":"<p>Praksa Eurolab nudi prakti\u010dne mogu\u0107nosti za nedavno diplomirane studente. Pridru\u017eite nam se i pru\u017ei\u0107emo vam priliku da se profesionalno razvijate! \u017delite novi posao da razvijete svoj potencijal?\u017delite li uspe\u0161nu karijeru? Pomo\u0107i \u0107emo vam da izrazite svoje talente, razvijete se i dostignete svoj potencijal.<\/p>","protected":false},"author":1,"featured_media":241,"parent":0,"menu_order":0,"comment_status":"closed","ping_status":"closed","template":"intership.php","meta":{"_acf_changed":false,"footnotes":""},"class_list":["post-118","page","type-page","status-publish","has-post-thumbnail","hentry"],"acf":[],"_links":{"self":[{"href":"https:\/\/eurolab.rs\/en\/wp-json\/wp\/v2\/pages\/118","targetHints":{"allow":["GET"]}}],"collection":[{"href":"https:\/\/eurolab.rs\/en\/wp-json\/wp\/v2\/pages"}],"about":[{"href":"https:\/\/eurolab.rs\/en\/wp-json\/wp\/v2\/types\/page"}],"author":[{"embeddable":true,"href":"https:\/\/eurolab.rs\/en\/wp-json\/wp\/v2\/users\/1"}],"replies":[{"embeddable":true,"href":"https:\/\/eurolab.rs\/en\/wp-json\/wp\/v2\/comments?post=118"}],"version-history":[{"count":1,"href":"https:\/\/eurolab.rs\/en\/wp-json\/wp\/v2\/pages\/118\/revisions"}],"predecessor-version":[{"id":876,"href":"https:\/\/eurolab.rs\/en\/wp-json\/wp\/v2\/pages\/118\/revisions\/876"}],"wp:featuredmedia":[{"embeddable":true,"href":"https:\/\/eurolab.rs\/en\/wp-json\/wp\/v2\/media\/241"}],"wp:attachment":[{"href":"https:\/\/eurolab.rs\/en\/wp-json\/wp\/v2\/media?parent=118"}],"curies":[{"name":"wp","href":"https:\/\/api.w.org\/{rel}","templated":true}]}}