{"id":38,"date":"2022-03-28T12:11:04","date_gmt":"2022-03-28T12:11:04","guid":{"rendered":"http:\/\/localhost\/eurolab\/?page_id=38"},"modified":"2025-01-31T18:06:04","modified_gmt":"2025-01-31T18:06:04","slug":"o-nama","status":"publish","type":"page","link":"https:\/\/eurolab.rs\/en\/o-nama\/","title":{"rendered":"About Us"},"content":{"rendered":"<h2 class=\"wp-block-heading\">EUROLAB INTERNATIONAL GRUP<\/h2>\r\n\r\n\r\n\r\n<p class=\"p1\"><span class=\"s1\">EUROLAB INTERNATIONAL GRUP was founded in 1995, as one of the pioneer companies in the sector of sale, distribution and import of food and beverage products in Albania.<\/span><\/p>\r\n\r\n\r\n\r\n<div class=\"wp-block-media-text alignfull has-media-on-the-right is-stacked-on-mobile is-vertically-aligned-center\">\r\n<figure class=\"wp-block-media-text__media\"><img loading=\"lazy\" decoding=\"async\" width=\"1920\" height=\"1280\" class=\"wp-image-483 size-full\" src=\"https:\/\/eurolab.rs\/wp-content\/uploads\/2022\/09\/EUROLAB-4-of-77.jpg\" alt=\"\" srcset=\"https:\/\/eurolab.rs\/wp-content\/uploads\/2022\/09\/EUROLAB-4-of-77.jpg 1920w, https:\/\/eurolab.rs\/wp-content\/uploads\/2022\/09\/EUROLAB-4-of-77-300x200.jpg 300w, https:\/\/eurolab.rs\/wp-content\/uploads\/2022\/09\/EUROLAB-4-of-77-768x512.jpg 768w, https:\/\/eurolab.rs\/wp-content\/uploads\/2022\/09\/EUROLAB-4-of-77-1536x1024.jpg 1536w, https:\/\/eurolab.rs\/wp-content\/uploads\/2022\/09\/EUROLAB-4-of-77-18x12.jpg 18w\" sizes=\"auto, (max-width: 1920px) 100vw, 1920px\" \/><\/figure>\r\n<div class=\"wp-block-media-text__content\">\r\n<h3 class=\"has-text-align-center has-text-color wp-block-heading\" style=\"color: #000000;\">\u00a0<\/h3>\r\n\r\n\r\n\r\n<p class=\"has-text-align-center has-extra-small-font-size\">The ten Southeast European markets where we currently operate are: Albania (1995), Kosovo (2001), Montenegro (2005), North Macedonia (2005), Bosnia and Herzegovina (2017), Serbia (2019), Slovenia (2020), Croatia (2020), Greece (2025) and Cyprus (2025). Over the past 29 years, we have energetically and continuously increased our presence in this area, making Eurolab one of the most reliable partners for top companies.<\/p>\r\n\r\n\r\n\r\n<p>We are committed to the effective development of our distribution network to the end, so we have made significant investments in the development of Mapo Cash&amp;Carry and Mapo City, two retail concepts, in Albania.<\/p>\r\n\r\n\r\n\r\n<p>As of 2022, brands including Craft Masters, Vinium Master, Bella Serata and Welfbrau have also been added to our portfolio.<\/p>\r\n<\/div>\r\n<\/div>\r\n\r\n\r\n\r\n<p>&nbsp;<\/p>\r\n\r\n\r\n\r\n<p>&nbsp;<\/p>\r\n\r\n\r\n\r\n<div class=\"wp-block-media-text alignfull is-stacked-on-mobile is-vertically-aligned-center\">\r\n<figure class=\"wp-block-media-text__media\"><img loading=\"lazy\" decoding=\"async\" width=\"2560\" height=\"1707\" class=\"wp-image-503 size-full\" src=\"https:\/\/eurolab.rs\/wp-content\/uploads\/2022\/09\/54-1-scaled.webp\" alt=\"\" srcset=\"https:\/\/eurolab.rs\/wp-content\/uploads\/2022\/09\/54-1-scaled.webp 2560w, https:\/\/eurolab.rs\/wp-content\/uploads\/2022\/09\/54-1-300x200.webp 300w, https:\/\/eurolab.rs\/wp-content\/uploads\/2022\/09\/54-1-768x512.webp 768w, https:\/\/eurolab.rs\/wp-content\/uploads\/2022\/09\/54-1-1536x1024.webp 1536w, https:\/\/eurolab.rs\/wp-content\/uploads\/2022\/09\/54-1-2048x1365.webp 2048w, https:\/\/eurolab.rs\/wp-content\/uploads\/2022\/09\/54-1-18x12.webp 18w\" sizes=\"auto, (max-width: 2560px) 100vw, 2560px\" \/><\/figure>\r\n<div class=\"wp-block-media-text__content\">\r\n<h3 class=\"has-text-align-center has-text-color wp-block-heading\" style=\"color: #000000;\">\u00a0<\/h3>\r\n\r\n\r\n\r\n<p class=\"has-text-align-center has-extra-small-font-size\">We carefully select the brands in our range in order to provide our clients and consumers with the best from the international market in accordance with their local preferences and tastes. Eurolab has more than 80 global partners from Italy, France, Germany, Belgium, Great Britain, the Netherlands, Spain, Japan, Mexico and many other countries.<\/p>\r\n<\/div>\r\n<\/div>\r\n\r\n\r\n\r\n<p>&nbsp;<\/p>\r\n\r\n\r\n\r\n<p>Eurolab International Group brings recognizable experiences and cultures of these countries to this trip; inspired and inspired by these nations and their international cultures, we constantly strive to establish communication channels and open new doors.<\/p>\r\n\r\n\r\n\r\n<p>We are the most trusted partner in the country and region because of our workplace culture is characterized by enthusiasm, innovation, dedication, and long-term partnership.<\/p>\r\n\r\n\r\n\r\n<p>Our growth and success strategy is guided by our values, which enable us to consistently expand our range of brands and services to meet consumer needs.<\/p>\r\n\r\n\r\n\r\n<p>Today, Eurolab International Group is a united group of companies that operates in all countries in the region. The name of the group comes from the natural combination of the best European products and Lab\u00ebrija, the southern region of Albania.<\/p>\r\n\r\n\r\n<hr class=\"wp-block-separator has-css-opacity\" \/>\r\n\r\n\r\n<h2 class=\"wp-block-heading\">Vision and Mission<\/h2>\r\n\r\n\r\n\r\n<div class=\"wp-block-columns is-layout-flex wp-container-core-columns-is-layout-9d6595d7 wp-block-columns-is-layout-flex\">\r\n<div class=\"wp-block-column is-layout-flow wp-block-column-is-layout-flow\">\r\n<h3 class=\"wp-block-heading\">\u00a0<\/h3>\r\n\r\n\r\n\r\n<figure class=\"wp-block-image size-full\"><img loading=\"lazy\" decoding=\"async\" class=\"alignnone wp-image-851 size-full\" src=\"https:\/\/eurolab.rs\/wp-content\/uploads\/2025\/01\/vizioni-en.png\" alt=\"\" width=\"944\" height=\"666\" srcset=\"https:\/\/eurolab.rs\/wp-content\/uploads\/2025\/01\/vizioni-en.png 944w, https:\/\/eurolab.rs\/wp-content\/uploads\/2025\/01\/vizioni-en-300x212.png 300w, https:\/\/eurolab.rs\/wp-content\/uploads\/2025\/01\/vizioni-en-768x542.png 768w, https:\/\/eurolab.rs\/wp-content\/uploads\/2025\/01\/vizioni-en-18x12.png 18w\" sizes=\"auto, (max-width: 944px) 100vw, 944px\" \/><\/figure>\r\n<\/div>\r\n\r\n\r\n\r\n<div class=\"wp-block-column is-layout-flow wp-block-column-is-layout-flow\">\r\n<h3 class=\"wp-block-heading\">\u00a0<\/h3>\r\n\r\n\r\n\r\n<figure class=\"wp-block-image size-full\"><img loading=\"lazy\" decoding=\"async\" class=\"alignnone wp-image-855 size-full\" src=\"https:\/\/eurolab.rs\/wp-content\/uploads\/2025\/01\/misioni-en.png\" alt=\"\" width=\"944\" height=\"666\" srcset=\"https:\/\/eurolab.rs\/wp-content\/uploads\/2025\/01\/misioni-en.png 944w, https:\/\/eurolab.rs\/wp-content\/uploads\/2025\/01\/misioni-en-300x212.png 300w, https:\/\/eurolab.rs\/wp-content\/uploads\/2025\/01\/misioni-en-768x542.png 768w, https:\/\/eurolab.rs\/wp-content\/uploads\/2025\/01\/misioni-en-18x12.png 18w\" sizes=\"auto, (max-width: 944px) 100vw, 944px\" \/><\/figure>\r\n<\/div>\r\n<\/div>\r\n\r\n\r\n<hr class=\"wp-block-separator has-css-opacity\" \/>\r\n\r\n\r\n<h3 class=\"wp-block-heading\">Company Values<\/h3>\r\n\r\n\r\n\r\n<p>Our values \u200b\u200bare outlined in the company's Code of Conduct. Values \u200b\u200bare at the center of the company's policy development. Eurolab International Group exists in different markets and in different countries, and what unites us are our values. For more than 29 years, EIG has strived to become a company that has respect for integrity at its core, proud of its continuous and safe growth and development. The Code of Conduct defines how to live and work guided by kindness, commitment, honesty, fairness, loyalty, punctuality and respect, creating the right environment for each of us. This is the mission that EIG owes to its suppliers, customers and the general public, who are our direct consumers. but above all to each other.<\/p>\r\n\r\n\r\n<hr class=\"wp-block-separator has-css-opacity\" \/>\r\n\r\n\r\n<h2 class=\"wp-block-heading\"><strong>ISO (International Organization for Standardization) 9 001:2015, 22 000:2018, 45 001:2018<\/strong><\/h2>\r\n\r\n\r\n\r\n<p>&nbsp;<\/p>\r\n\r\n\r\n\r\n<p>&nbsp;<\/p>\r\n\r\n\r\n\r\n<p>&nbsp;<\/p>\r\n\r\n\r\n\r\n<div class=\"wp-block-media-text alignfull has-media-on-the-right is-stacked-on-mobile is-vertically-aligned-center\">\r\n<figure class=\"wp-block-media-text__media\"><img loading=\"lazy\" decoding=\"async\" width=\"1000\" height=\"1500\" class=\"wp-image-490 size-full\" src=\"https:\/\/eurolab.rs\/wp-content\/uploads\/2022\/09\/EUROLAB-73-of-77.jpg\" alt=\"\" srcset=\"https:\/\/eurolab.rs\/wp-content\/uploads\/2022\/09\/EUROLAB-73-of-77.jpg 1000w, https:\/\/eurolab.rs\/wp-content\/uploads\/2022\/09\/EUROLAB-73-of-77-200x300.jpg 200w, https:\/\/eurolab.rs\/wp-content\/uploads\/2022\/09\/EUROLAB-73-of-77-768x1152.jpg 768w, https:\/\/eurolab.rs\/wp-content\/uploads\/2022\/09\/EUROLAB-73-of-77-8x12.jpg 8w\" sizes=\"auto, (max-width: 1000px) 100vw, 1000px\" \/><\/figure>\r\n<div class=\"wp-block-media-text__content\">\r\n<h3 class=\"has-text-align-center has-text-color wp-block-heading\" style=\"color: #000000;\">\u00a0<\/h3>\r\n\r\n\r\n\r\n<p>The company's Top Management commitment to the workplace culture is reinforced, among other aspects, by the creation, adoption, and continuous improvement of our practices in accordance with international ISO standards.\u202fThese standards\u202fdefine all of our service, which consists of:<\/p>\r\n\r\n\r\n\r\n<p>Operations and transactions involving the import, export, transit, and trade of different industrial goods, as well as the sale, direct distribution, marketing, and supply to clients with processed foods, or raw materials, as well as alcoholic beverages.<\/p>\r\n\r\n\r\n\r\n<p>The following goods and services are provided by Eurolab in order to fulfil out its mission, which are arranged and performed in compliance with the stated ISO standards:<\/p>\r\n\r\n\r\n\r\n<p>\u2022 Distribution and sale of products in the Southwest Balkans\u2019 markets<\/p>\r\n\r\n\r\n\r\n<p>\u2022 The safety of our products<\/p>\r\n\r\n\r\n\r\n<p>\u2022 MAPO's Cash &amp; Carry services<\/p>\r\n\r\n\r\n\r\n<p>\u2022 HoReCa services including technical assistance<\/p>\r\n\r\n\r\n\r\n<p>\u2022 Marketing, merchandising &amp; market research services<\/p>\r\n\r\n\r\n\r\n<p>\u2022 Healthy &amp; safe working environment<\/p>\r\n\r\n\r\n\r\n<p>\u2022 All company employees strictly adhere to the regulatory frameworks of business development in the relevant markets, we try to ensure that all our partners also comply with the same norms.<\/p>\r\n<\/div>\r\n<\/div>\r\n\r\n\r\n\r\n<p>&nbsp;<\/p>\r\n\r\n\r\n\r\n<p>&nbsp;<\/p>\r\n\r\n\r\n\r\n<div class=\"wp-block-columns is-layout-flex wp-container-core-columns-is-layout-9d6595d7 wp-block-columns-is-layout-flex\">\r\n<div class=\"wp-block-column is-layout-flow wp-block-column-is-layout-flow\" style=\"flex-basis: 33.33%;\">\u00a0<\/div>\r\n\r\n\r\n\r\n<div class=\"wp-block-column is-layout-flow wp-block-column-is-layout-flow\" style=\"flex-basis: 66.66%;\"><div class=\"row\">\n    <div class=\"iso-al\">\n        <div class=\"iso-div\">\n            <img decoding=\"async\" src=\"https:\/\/eurolab.rs\/wp-content\/uploads\/2022\/04\/iso-2-1.jpg\">\n            <a href=\"https:\/\/eurolab.rs\/wp-content\/uploads\/2022\/04\/ISO-45001.2018-Shqip.pdf\" target=\"_blank\">ISO 45001:2018<\/a>\n        <\/div>\n    <\/div>\n     <div class=\"iso-en\">\n        <div class=\"iso-div\">\n            <img decoding=\"async\" src=\"https:\/\/eurolab.rs\/wp-content\/uploads\/2022\/04\/iso-2-1.jpg\">\n            <a href=\"https:\/\/eurolab.rs\/wp-content\/uploads\/2022\/04\/ISO-45001.2018-Anglisht.pdf\" target=\"_blank\">ISO 45001:2018<\/a>\n        <\/div>\n    <\/div>\n     <div class=\"iso-al\">\n        <div class=\"iso-div\">\n            <img decoding=\"async\" src=\"https:\/\/eurolab.rs\/wp-content\/uploads\/2022\/04\/iso-3.jpg\">\n            <a href=\"https:\/\/eurolab.rs\/wp-content\/uploads\/2022\/04\/ISO-9001.2015-Shqip.pdf\" target=\"_blank\">ISO 9001:2015<\/a>\n        <\/div>\n    <\/div>\n     <div class=\"iso-en\">\n        <div class=\"iso-div\">\n            <img decoding=\"async\" src=\"https:\/\/eurolab.rs\/wp-content\/uploads\/2022\/04\/iso-3.jpg\">\n            <a href=\"https:\/\/eurolab.rs\/wp-content\/uploads\/2022\/04\/ISO-9001.2015-Anglisht.pdf\" target=\"_blank\">ISO 9001:2015<\/a>\n        <\/div>\n    <\/div>\n\t<div class=\"\">\n        <div class=\"iso-div\">\n            <img decoding=\"async\" src=\"https:\/\/eurolab.rs\/wp-content\/uploads\/2022\/04\/iso-1.jpg\">\n            <a href=\"https:\/\/eurolab.rs\/wp-content\/uploads\/2022\/04\/CERT_HACCP_EN_AL_EUROLAB.pdf\" target=\"_blank\">ISO H.A.C.C.P<\/a>\n        <\/div>\n    <\/div>\n\t<div class=\"\">\n        <div class=\"iso-div\">\n            <img decoding=\"async\" src=\"https:\/\/eurolab.rs\/wp-content\/uploads\/2022\/04\/iso-2.jpg\">\n            <a href=\"https:\/\/eurolab.rs\/wp-content\/uploads\/2022\/04\/CERT_22000_EN_AL_EUROLAB.pdf\" target=\"_blank\">ISO 22000:2018<\/a>\n        <\/div>\n    <\/div>\n<\/div>\n\n\r\n\r\n\r\n<div class=\"wp-block-buttons is-content-justification-center is-layout-flex wp-container-core-buttons-is-layout-16018d1d wp-block-buttons-is-layout-flex\"><\/div>\r\n<\/div>\r\n<\/div>","protected":false},"excerpt":{"rendered":"<p>EUROLAB INTERNACIONAL GRUP Osnovan je 1995. godine, kao jedna od pionirskih kompanija u sektoru prodaje, distribucije i uvoza prehrambenih proizvoda i pi\u0107a u Albaniji. \u00a0 Deset tr\u017ei\u0161ta jugoisto\u010dne Evrope na kojima trenutno poslujemo su: Albanija (1995.), Kosovo (2001.), Crna Gora (2005.), Severna Makedonija (2005.), Bosna i Hercegovina (2017.), Srbija (2019.), Slovenija (2020.), Hrvatska (2020.), Gr\u010dka [&hellip;]<\/p>\n","protected":false},"author":1,"featured_media":238,"parent":0,"menu_order":0,"comment_status":"closed","ping_status":"closed","template":"about.php","meta":{"_acf_changed":false,"footnotes":""},"class_list":["post-38","page","type-page","status-publish","has-post-thumbnail","hentry"],"acf":[],"_links":{"self":[{"href":"https:\/\/eurolab.rs\/en\/wp-json\/wp\/v2\/pages\/38","targetHints":{"allow":["GET"]}}],"collection":[{"href":"https:\/\/eurolab.rs\/en\/wp-json\/wp\/v2\/pages"}],"about":[{"href":"https:\/\/eurolab.rs\/en\/wp-json\/wp\/v2\/types\/page"}],"author":[{"embeddable":true,"href":"https:\/\/eurolab.rs\/en\/wp-json\/wp\/v2\/users\/1"}],"replies":[{"embeddable":true,"href":"https:\/\/eurolab.rs\/en\/wp-json\/wp\/v2\/comments?post=38"}],"version-history":[{"count":9,"href":"https:\/\/eurolab.rs\/en\/wp-json\/wp\/v2\/pages\/38\/revisions"}],"predecessor-version":[{"id":903,"href":"https:\/\/eurolab.rs\/en\/wp-json\/wp\/v2\/pages\/38\/revisions\/903"}],"wp:featuredmedia":[{"embeddable":true,"href":"https:\/\/eurolab.rs\/en\/wp-json\/wp\/v2\/media\/238"}],"wp:attachment":[{"href":"https:\/\/eurolab.rs\/en\/wp-json\/wp\/v2\/media?parent=38"}],"curies":[{"name":"wp","href":"https:\/\/api.w.org\/{rel}","templated":true}]}}